{"id":6,"date":"2015-12-24T21:07:55","date_gmt":"2015-12-24T21:07:55","guid":{"rendered":"http:\/\/pensionflorian.eu\/?page_id=6"},"modified":"2026-02-19T00:03:51","modified_gmt":"2026-02-19T00:03:51","slug":"uvod","status":"publish","type":"page","link":"https:\/\/pensionflorian.eu\/en\/","title":{"rendered":"Introduction"},"content":{"rendered":"<p><span style=\"font-family: verdana, geneva, sans-serif;font-size: 11pt\"><a href=\"http:\/\/pensionflorian.eu\/wp-content\/uploads\/2015\/12\/d\u016fm-2.jpg\" rel=\"attachment wp-att-52\"><img loading=\"lazy\" class=\"size-medium wp-image-52 alignright\" src=\"http:\/\/pensionflorian.eu\/wp-content\/uploads\/2015\/12\/d\u016fm-2-300x218.jpg\" alt=\"OLYMPUS DIGITAL CAMERA\" width=\"300\" height=\"218\" srcset=\"https:\/\/pensionflorian.eu\/wp-content\/uploads\/2015\/12\/d\u016fm-2-300x218.jpg 300w, https:\/\/pensionflorian.eu\/wp-content\/uploads\/2015\/12\/d\u016fm-2-768x559.jpg 768w, https:\/\/pensionflorian.eu\/wp-content\/uploads\/2015\/12\/d\u016fm-2-1024x745.jpg 1024w, https:\/\/pensionflorian.eu\/wp-content\/uploads\/2015\/12\/d\u016fm-2.jpg 1364w\" sizes=\"(max-width: 300px) 100vw, 300px\" \/><\/a><\/span><\/p>\n<p style=\"text-align: justify\"><span style=\"font-family: verdana, geneva, sans-serif;font-size: 11pt\">Penzion Florian V\u00e1s zve k letn\u00edmu i zimn\u00edmu pobytu v historick\u00e9m m\u011bste\u010dku Horn\u00ed Blatn\u00e1, kter\u00e9 le\u017e\u00ed v malebn\u00e9 krajin\u011b tvo\u0159en\u00e9 h\u0159ebeny z\u00e1padn\u00ed \u010d\u00e1sti Kru\u0161n\u00fdch hor. Penzion poskytuje ubytov\u00e1n\u00ed v p\u011bti apartm\u00e1nech a pokoj\u00edch vybaven\u00fdch soci\u00e1ln\u00edm za\u0159\u00edzen\u00edm a kuchy\u0148skou linkou. K dispozici jsou dal\u0161\u00ed dva pokoje, kter\u00e9 nemaj\u00ed vlastn\u00ed soci\u00e1ln\u00ed za\u0159\u00edzen\u00ed. Sou\u010d\u00e1st\u00ed ubytov\u00e1n\u00ed je <span lang=\"en-us\">bezplatn\u00e9 p<\/span>\u0159ipojen\u00ed k Wi-Fi v cel\u00e9m pensionu, spole\u010densk\u00e1 m\u00edstnost<span lang=\"en-us\"> s televiz\u00ed a spole\u010densk\u00fdmi hrami, <\/span>\u00a0a prostory pro ulo\u017een\u00ed ly\u017e\u00ed a kol. Parkov\u00e1n\u00ed u objektu.<\/span><\/p>\n<p style=\"text-align: justify\"><span style=\"font-family: verdana, geneva, sans-serif;font-size: 11pt\">Okol\u00ed Horn\u00ed Blatn\u00e9 poskytuje mnoho p\u0159\u00edle\u017eitost\u00ed ke sportovn\u00edmu i kulturn\u00edmu vy\u017eit\u00ed. V l\u00e9t\u011b jsou k dispozici stovky kilometr\u016f zna\u010den\u00fdch cyklistick\u00fdch stezek zab\u00edhaj\u00edc\u00edch do p\u0159\u00edrodn\u00edch rezervac\u00ed, h\u0159ebenov\u00fdch parti\u00ed s n\u00e1dhern\u00fdmi v\u00fdhledy a do rozs\u00e1hl\u00fdch lesn\u00edch porost\u016f. Trasy navazuj\u00ed na s\u00ed\u0165 cyklistick\u00fdch stezek v sousedn\u00edm N\u011bmecku. Hrani\u010dn\u00ed p\u0159echody jsou vzd\u00e1len\u00e9 pouh\u00fdch 6 km. K horolezectv\u00ed lze vyu\u017e\u00edt skaln\u00ed masivy Stra\u0161idla a Holub\u00ed sk\u00e1ly, nebo skaln\u00ed masivy Teufelsstein v N\u011bmecku. Zdej\u0161\u00ed sk\u00e1ly jsou vhodn\u00e9 zejm\u00e9na pro ty, co maj\u00ed r\u00e1di v\u00edce chyt\u016f. Volejbal, basketbal a fotbal m\u016f\u017eete hr\u00e1t na zdej\u0161\u00edch h\u0159i\u0161t\u00edch. P\u0159\u00edmo u penzionu je h\u0159i\u0161t\u011b pro petanque.<\/span><\/p>\n<p style=\"text-align: justify\"><span style=\"font-family: verdana, geneva, sans-serif;font-size: 11pt\">V zimn\u00edch m\u011bs\u00edc\u00edch pot\u011b\u0161\u00ed b\u011b\u017eka\u0159e p\u0159es 80 km upravovan\u00fdch stop. Ty V\u00e1s zavedou na kouzeln\u00e9 partie h\u0159eben\u016f hor v \u010cech\u00e1ch i N\u011bmecku. V bl\u00edzkosti obce prob\u00edh\u00e1 trasa Kru\u0161nohorsk\u00e9 ly\u017ea\u0159sk\u00e9 magistr\u00e1ly. P\u0159i dobr\u00fdch sn\u011bhov\u00fdch podm\u00ednk\u00e1ch za\u010d\u00edn\u00e1 strojn\u011b upraven\u00e1 stopa 30 m od penzionu. Sjezda\u0159i a snowbor\u010f\u00e1ci mohou vyu\u017e\u00edt sjezdov\u00e9 trat\u011b v Perninku (3 km) nebo Pot\u016f\u010dk\u00e1ch (6 km). Oboj\u00ed je dostupn\u00e9 autem, vlakem nebo autobusem. Vzd\u00e1len\u011bj\u0161\u00ed are\u00e1ly na Kl\u00ednovci, Bo\u017e\u00edm Daru nebo v Nov\u00fdch Hamrech je mo\u017en\u00e9 nav\u0161t\u00edvit autem nebo skibusem. V zimn\u00edch i letn\u00edch m\u011bs\u00edc\u00edch lze vyu\u017e\u00edt kryt\u00fd baz\u00e9n v Pot\u016f\u010dk\u00e1ch nebo Nov\u00fdch Hamrech.<\/span><\/p>\n<p><span style=\"font-family: verdana, geneva, sans-serif;font-size: 11pt\"><a href=\"http:\/\/pensionflorian.eu\/wp-content\/uploads\/2015\/12\/d\u016fm-1a.jpg\" rel=\"attachment wp-att-51\"><img loading=\"lazy\" class=\"size-medium wp-image-51 alignleft\" src=\"http:\/\/pensionflorian.eu\/wp-content\/uploads\/2015\/12\/d\u016fm-1a-300x225.jpg\" alt=\"OLYMPUS DIGITAL CAMERA\" width=\"300\" height=\"225\" srcset=\"https:\/\/pensionflorian.eu\/wp-content\/uploads\/2015\/12\/d\u016fm-1a-300x225.jpg 300w, https:\/\/pensionflorian.eu\/wp-content\/uploads\/2015\/12\/d\u016fm-1a-768x576.jpg 768w, https:\/\/pensionflorian.eu\/wp-content\/uploads\/2015\/12\/d\u016fm-1a-1024x768.jpg 1024w, https:\/\/pensionflorian.eu\/wp-content\/uploads\/2015\/12\/d\u016fm-1a.jpg 1632w\" sizes=\"(max-width: 300px) 100vw, 300px\" \/><\/a><\/span><\/p>\n<p style=\"text-align: justify\"><span style=\"font-family: verdana, geneva, sans-serif;font-size: 11pt\">Horn\u00ed Blatn\u00e1 je renezan\u010dn\u00ed m\u011bsto zalo\u017een\u00e9 roku 1532. Najdete zde \u0159adu zachovan\u00fdch historick\u00fdch goticko-renezan\u010dn\u00edch dom\u016f rozm\u00edst\u011bn\u00fdch v pravideln\u00e9 p\u016fvodn\u00ed pravo\u00fahl\u00e9 z\u00e1stavb\u011b. Dominantu tvo\u0159\u00ed kostel sv. Vav\u0159ince z roku 1754 s v\u011b\u017e\u00ed z roku 1605. Jedn\u00edm z nejhez\u010d\u00edch dom\u016f je sou\u010dasn\u00e9 m\u011bstsk\u00e9 muzeum nesouc\u00ed na port\u00e1lu letopo\u010det 1754. Muzejn\u00ed expon\u00e1ty jsou v\u011bnov\u00e1ny zejm\u00e9na historick\u00e9 t\u011b\u017eb\u011b c\u00ednu. Po stop\u00e1ch t\u011b\u017eby c\u00ednu proch\u00e1z\u00ed i nau\u010dn\u00e1 stezka za\u010d\u00ednaj\u00edc\u00ed u muzea. Zavede V\u00e1s do Vl\u010d\u00edch jam s celoro\u010dn\u00edm v\u00fdskytem sn\u011bhu a ledu. Ty vznikly propadem strop\u016f hlubinn\u011b vydobyt\u00fdch lo\u017eisek c\u00ednu. D\u00e1le proch\u00e1z\u00ed pod\u00e9l \u010d\u00e1sti blatensk\u00e9ho p\u0159\u00edkopu &#8211; unik\u00e1tn\u00ed konstrukce um\u011bl\u00e9ho vodn\u00edho kan\u00e1lu jeho\u017e v\u00fdstavba za\u010dala roku 1540. Vystoup\u00edte i na Blatensk\u00fd vrch s 21 m vysokou rozhlednou, kter\u00e1 poskytuje z celkov\u00e9 v\u00fd\u0161ky 1044 m v\u00fdhled na p\u0159\u00edrodn\u00ed scen\u00e9rie z\u00e1padn\u00ed \u010d\u00e1sti Kru\u0161n\u00fdch hor.<\/span>.  <a href=\"https:\/\/justicia4migrantworkers.org\/profile\/azdesertdoll\" target=\"_blank\" rel=\"noopener\">foursome Bree<\/a><\/p>\n<p style=\"text-align: justify\"><span style=\"font-family: verdana, geneva, sans-serif;font-size: 11pt\"><b>T\u011b\u0161\u00edme se na Va\u0161i n\u00e1v\u0161t\u011bvu<br \/>\n<\/b><\/span><\/p>\n","protected":false},"excerpt":{"rendered":"<p>Penzion Florian V\u00e1s zve k letn\u00edmu i zimn\u00edmu pobytu v historick\u00e9m m\u011bste\u010dku Horn\u00ed Blatn\u00e1, kter\u00e9 le\u017e\u00ed v malebn\u00e9 krajin\u011b tvo\u0159en\u00e9 h\u0159ebeny z\u00e1padn\u00ed \u010d\u00e1sti Kru\u0161n\u00fdch hor. Penzion poskytuje ubytov\u00e1n\u00ed v p\u011bti apartm\u00e1nech a pokoj\u00edch vybaven\u00fdch soci\u00e1ln\u00edm za\u0159\u00edzen\u00edm a kuchy\u0148skou linkou. K &hellip; <a href=\"https:\/\/pensionflorian.eu\/en\/\">Read More<\/a><\/p>\n","protected":false},"author":1,"featured_media":0,"parent":0,"menu_order":0,"comment_status":"closed","ping_status":"closed","template":"","meta":[],"_links":{"self":[{"href":"https:\/\/pensionflorian.eu\/en\/wp-json\/wp\/v2\/pages\/6"}],"collection":[{"href":"https:\/\/pensionflorian.eu\/en\/wp-json\/wp\/v2\/pages"}],"about":[{"href":"https:\/\/pensionflorian.eu\/en\/wp-json\/wp\/v2\/types\/page"}],"author":[{"embeddable":true,"href":"https:\/\/pensionflorian.eu\/en\/wp-json\/wp\/v2\/users\/1"}],"replies":[{"embeddable":true,"href":"https:\/\/pensionflorian.eu\/en\/wp-json\/wp\/v2\/comments?post=6"}],"version-history":[{"count":0,"href":"https:\/\/pensionflorian.eu\/en\/wp-json\/wp\/v2\/pages\/6\/revisions"}],"wp:attachment":[{"href":"https:\/\/pensionflorian.eu\/en\/wp-json\/wp\/v2\/media?parent=6"}],"curies":[{"name":"wp","href":"https:\/\/api.w.org\/{rel}","templated":true}]}}